{"id":529,"date":"2017-01-19T09:19:59","date_gmt":"2017-01-19T09:19:59","guid":{"rendered":"https:\/\/eva.temashdesign.me\/fashion\/?page_id=529"},"modified":"2025-10-24T11:56:16","modified_gmt":"2025-10-24T11:56:16","slug":"about-us","status":"publish","type":"page","link":"https:\/\/oilenium.com\/fr\/a-propos-de-nous\/","title":{"rendered":"\u00c0 propos de nous"},"content":{"rendered":"<div class=\"wpb-content-wrapper\"><div class=\"vc_row wpb_row vc_row-fluid mpc-row\"><div class=\"wpb_column vc_column_container vc_col-sm-12 mpc-column\" data-column-id=\"mpc_column-7669ea42fcd23a4\"><div class=\"vc_column-inner\"><div class=\"wpb_wrapper\"><h1 style=\"text-align: center\" class=\"vc_custom_heading vc_do_custom_heading\">OILENIUM, UNE ENTREPRISE ENGAG\u00c9E<\/h1><div class=\"vc_empty_space\" style=\"height: 32px\"><span class=\"vc_empty_space_inner\"><\/span><\/div><\/div><\/div><\/div><\/div><div data-vc-full-width=\"true\" data-vc-full-width-temp=\"true\" data-vc-full-width-init=\"false\" data-vc-stretch-content=\"true\" class=\"vc_row wpb_row vc_row-fluid vc_row-o-equal-height vc_row-o-content-middle vc_row-flex mpc-row\"><div class=\"wpb_column vc_column_container vc_col-sm-12 vc_col-lg-6 vc_col-md-6 vc_col-has-fill mpc-column\" data-column-id=\"mpc_column-6969ea42fcd2939\"><div class=\"vc_column-inner vc_custom_1706185253835\"><div class=\"wpb_wrapper\"><div class=\"vc_empty_space\" style=\"height: 500px\"><span class=\"vc_empty_space_inner\"><\/span><\/div><\/div><\/div><\/div><div class=\"wpb_column vc_column_container vc_col-sm-12 vc_col-lg-6 vc_col-md-6 vc_col-has-fill mpc-column\" data-column-id=\"mpc_column-4669ea42fcd306d\"><div class=\"vc_column-inner vc_custom_1485266194533\"><div class=\"wpb_wrapper\"><div class=\"vc_empty_space\" style=\"height: 60px\"><span class=\"vc_empty_space_inner\"><\/span><\/div><h2 style=\"font-size: 34px;color: #000000;line-height: 34px;text-align: left;font-family:Dosis;font-weight:400;font-style:normal\" class=\"vc_custom_heading vc_do_custom_heading vc_custom_1729582924223\">QUI SOMMES-NOUS?<\/h2>\n\t<div class=\"wpb_text_column wpb_content_element\">\n\t\t<div class=\"wpb_wrapper\">\n\t\t\t<p style=\"font-size: 20px;\">Chez <strong>Oilenium<\/strong>, nous avons une mission claire <strong>fusionner les traditions orientales avec la modernit\u00e9<\/strong>&nbsp;pour offrir une exp\u00e9rience de beaut\u00e9 unique et profond\u00e9ment significative. Nos produits sont con\u00e7us pour transformer votre routine quotidienne en un <strong>rituel sensoriel<\/strong>, alliant <strong>authenticit\u00e9<\/strong>, <strong>efficacit\u00e9<\/strong>, et <strong>luxe accessible<\/strong>. Chaque goutte de nos huiles cosm\u00e9tiques est le fruit de traditions mill\u00e9naires et de la recherche moderne, utilisant des ingr\u00e9dients <strong>naturels<\/strong> et <strong>rigoureusement s\u00e9lectionn\u00e9s<\/strong> pour r\u00e9pondre aux besoins contemporains.<\/p>\n<p style=\"font-size: 20px;\">Nous sommes plus qu'une entreprise de soins de la peau ; nous sommes une <strong>entreprise engag\u00e9e<\/strong>, guid\u00e9e par des valeurs humaines et environnementales fortes. <strong>Notre huile d'argan et notre huile de graines de figue de barbarie<\/strong> proviennent de coop\u00e9ratives f\u00e9minines locales au Maroc, favorisant le commerce \u00e9quitable et soutenant l'autonomisation de ces communaut\u00e9s. En choisissant Oilenium, vous faites partie de cette histoire ; vous soutenez des artisans passionn\u00e9s, un monde plus solidaire et une plan\u00e8te pr\u00e9serv\u00e9e.<\/p>\n\n\t\t<\/div>\n\t<\/div>\n<div class=\"vc_empty_space\" style=\"height: 20px\"><span class=\"vc_empty_space_inner\"><\/span><\/div><\/div><\/div><\/div><\/div><div class=\"vc_row-full-width vc_clearfix\"><\/div><div data-vc-full-width=\"true\" data-vc-full-width-temp=\"true\" data-vc-full-width-init=\"false\" data-vc-stretch-content=\"true\" class=\"vc_row wpb_row vc_row-fluid vc_row-o-equal-height vc_row-o-content-middle vc_row-flex mpc-row\"><div class=\"wpb_column vc_column_container vc_col-sm-12 vc_col-lg-6 vc_col-md-6 vc_col-has-fill mpc-column\" data-column-id=\"mpc_column-9069ea42fcd3b2b\"><div class=\"vc_column-inner vc_custom_1485268651494\"><div class=\"wpb_wrapper\"><div class=\"vc_empty_space\" style=\"height: 80px\"><span class=\"vc_empty_space_inner\"><\/span><\/div><h2 style=\"font-size: 34px;color: #000000;line-height: 34px;text-align: left;font-family:Dosis;font-weight:400;font-style:normal\" class=\"vc_custom_heading vc_do_custom_heading vc_custom_1728223652350\">POURQUOI CHOISIR OILENIUM?<\/h2>\n\t<div class=\"wpb_text_column wpb_content_element\">\n\t\t<div class=\"wpb_wrapper\">\n\t\t\t<p style=\"font-size: 20px;\"><strong>Un Engagement \u00c9thique et Durable<\/strong><br>\nChez Oilenium, nous croyons qu'un rituel de beaut\u00e9 est bien plus qu'un simple soin de la peau ; il s'agit de c\u00e9l\u00e9brer la beaut\u00e9 de la nature tout en respectant notre plan\u00e8te. En choisissant nos produits, vous soutenez des coop\u00e9ratives f\u00e9minines qui, gr\u00e2ce \u00e0 votre soutien, peuvent vivre dignement de leur art et pr\u00e9server un savoir-faire unique. <strong>Nos ingr\u00e9dients biologiques<\/strong> sont r\u00e9colt\u00e9s de mani\u00e8re durable, garantissant que chaque produit respecte autant la peau que l'environnement.<\/p>\n<p style=\"font-size: 20px;\"><strong>Une Exp\u00e9rience Sensorielle Unique<\/strong><br>\nNos produits sont con\u00e7us pour vous <strong>transporter<\/strong> dans un voyage sensoriel \u00e0 travers les traditions orientales. Chaque huile est une invitation \u00e0 ralentir, \u00e0 prendre soin de vous, et \u00e0 renouer avec des gestes de beaut\u00e9 ancestraux. Notre<strong> huile d\u2019argan<\/strong> et <strong>huile de graines de figue de barbarie<\/strong> sont riches en nutriments essentiels et offrent des bienfaits prouv\u00e9s pour la peau.<\/p>\n<p style=\"font-size: 20px;\"><strong>Des R\u00e9sultats Visibles<\/strong><br>\nL'utilisation r\u00e9guli\u00e8re de nos produits, combin\u00e9e \u00e0 un rituel de soin, offre des r\u00e9sultats visibles : une peau <strong>hydrat\u00e9e<\/strong>, <strong>nourrie<\/strong>, et <strong>rayonnante de sant\u00e9<\/strong>. Nos clients t\u00e9moignent d'une am\u00e9lioration de la texture de leur peau, d'une r\u00e9duction des signes de vieillissement et d'une <strong>sensation de bien-\u00eatre global<\/strong>.<\/p>\n\n\t\t<\/div>\n\t<\/div>\n<div class=\"vc_empty_space\" style=\"height: 40px\"><span class=\"vc_empty_space_inner\"><\/span><\/div><\/div><\/div><\/div><div class=\"wpb_column vc_column_container vc_col-sm-12 vc_col-lg-6 vc_col-md-6 vc_col-has-fill mpc-column\" data-column-id=\"mpc_column-1469ea42fcd3e52\"><div class=\"vc_column-inner vc_custom_1706185286972\"><div class=\"wpb_wrapper\"><div class=\"vc_empty_space\" style=\"height: 500px\"><span class=\"vc_empty_space_inner\"><\/span><\/div><\/div><\/div><\/div><\/div><div class=\"vc_row-full-width vc_clearfix\"><\/div><div data-vc-full-width=\"true\" data-vc-full-width-temp=\"true\" data-vc-full-width-init=\"false\" data-vc-stretch-content=\"true\" class=\"vc_row wpb_row vc_row-fluid vc_row-o-equal-height vc_row-o-content-middle vc_row-flex mpc-row\"><div class=\"wpb_column vc_column_container vc_col-sm-12 vc_col-lg-6 vc_col-md-6 vc_col-has-fill mpc-column\" data-column-id=\"mpc_column-3469ea42fcd44b5\"><div class=\"vc_column-inner vc_custom_1729271099826\"><div class=\"wpb_wrapper\"><div class=\"vc_empty_space\" style=\"height: 500px\"><span class=\"vc_empty_space_inner\"><\/span><\/div><\/div><\/div><\/div><div class=\"wpb_column vc_column_container vc_col-sm-12 vc_col-lg-6 vc_col-md-6 vc_col-has-fill mpc-column\" data-column-id=\"mpc_column-2169ea42fcd4df2\"><div class=\"vc_column-inner vc_custom_1485266194533\"><div class=\"wpb_wrapper\"><div class=\"vc_empty_space\" style=\"height: 60px\"><span class=\"vc_empty_space_inner\"><\/span><\/div><h2 style=\"font-size: 34px;color: #000000;line-height: 34px;text-align: left;font-family:Dosis;font-weight:400;font-style:normal\" class=\"vc_custom_heading vc_do_custom_heading vc_custom_1729581988899\">PLONGEZ DANS L'UNIVERS OILENIUM<\/h2>\n\t<div class=\"wpb_text_column wpb_content_element\">\n\t\t<div class=\"wpb_wrapper\">\n\t\t\t<p style=\"font-size: 20px;\">Que vous choisissiez de vivre cette exp\u00e9rience dans un spa, entour\u00e9 d'experts d\u00e9di\u00e9s \u00e0 votre bien-\u00eatre, ou que vous pr\u00e9f\u00e9riez cr\u00e9er votre propre <strong>rituel de beaut\u00e9 \u00e0 la maison<\/strong>, Oilenium vous offre le meilleur des deux mondes. Faites de chaque soin une c\u00e9l\u00e9bration, un moment o\u00f9 vous vous reconnectez avec vous-m\u00eame et red\u00e9couvrez l'harmonie entre le corps et l'esprit.<\/p>\n<p style=\"font-size: 20px;\"><strong>Achetez votre rituel spa oriental d\u00e8s aujourd'hui<\/strong> et commencez votre voyage vers une beaut\u00e9 authentique, naturelle et profond\u00e9ment apaisante.<\/p>\n\n\t\t<\/div>\n\t<\/div>\n<div class=\"vc_btn3-container  btshadow vc_btn3-inline vc_do_btn\"><a class=\"vc_general vc_btn3 vc_btn3-size-md vc_btn3-shape-rounded vc_btn3-style-modern vc_btn3-icon-right vc_btn3-color-white\" href=\"https:\/\/oilenium.com\/fr\/shop\/\" title=\"Nos Rituels\">D\u00e9couvrir nos produits et commencer votre rituel <i class=\"vc_btn3-icon fas fa-long-arrow-alt-right\"><\/i><\/a><\/div><div class=\"vc_empty_space\" style=\"height: 20px\"><span class=\"vc_empty_space_inner\"><\/span><\/div><\/div><\/div><\/div><\/div><div class=\"vc_row-full-width vc_clearfix\"><\/div>\n<\/div>","protected":false},"excerpt":{"rendered":"OILENIUM, A COMMITTED COMPANYWHO WE ARE? At Oilenium, we have a clear mission: to merge oriental tradition with modernity&nbsp;to offer a unique and deeply meaningful beauty experience. Our products are designed to transform your daily routine into a sensorial&nbsp;ritual, combining authenticity, effectiveness, and accessible luxury. Each drop of our cosmetic oils is the fruit of","protected":false},"author":1,"featured_media":0,"parent":0,"menu_order":0,"comment_status":"closed","ping_status":"closed","template":"page-full-width.php","meta":{"_acf_changed":false,"footnotes":""},"class_list":["post-529","page","type-page","status-publish","hentry"],"acf":[],"yoast_head":"<!-- This site is optimized with the Yoast SEO plugin v27.3 - https:\/\/yoast.com\/product\/yoast-seo-wordpress\/ -->\n<title>About Us - Oilenium<\/title>\n<meta name=\"description\" content=\"Discover Oilenium, ethical skincare crafted with pure natural oils \u2014 where beauty meets sustainability and responsibility.\" \/>\n<meta name=\"robots\" content=\"index, follow, max-snippet:-1, max-image-preview:large, max-video-preview:-1\" \/>\n<link rel=\"canonical\" href=\"https:\/\/oilenium.com\/fr\/a-propos-de-nous\/\" \/>\n<meta property=\"og:locale\" content=\"fr_FR\" \/>\n<meta property=\"og:type\" content=\"article\" \/>\n<meta property=\"og:title\" content=\"About Us - Oilenium\" \/>\n<meta property=\"og:description\" content=\"Discover Oilenium, ethical skincare crafted with pure natural oils \u2014 where beauty meets sustainability and responsibility.\" \/>\n<meta property=\"og:url\" content=\"https:\/\/oilenium.com\/fr\/a-propos-de-nous\/\" \/>\n<meta property=\"og:site_name\" content=\"Oilenium\" \/>\n<meta property=\"article:publisher\" content=\"https:\/\/www.facebook.com\/profile.php?id=61554208961337\" \/>\n<meta property=\"article:modified_time\" content=\"2025-10-24T11:56:16+00:00\" \/>\n<meta property=\"og:image\" content=\"https:\/\/oilenium.com\/wp-content\/uploads\/2024\/01\/anti-tache-anti-vieillissement-huile-de-figue-de-barbarie-scaled.jpg\" \/>\n\t<meta property=\"og:image:width\" content=\"2189\" \/>\n\t<meta property=\"og:image:height\" content=\"2560\" \/>\n\t<meta property=\"og:image:type\" content=\"image\/jpeg\" \/>\n<meta name=\"twitter:card\" content=\"summary_large_image\" \/>\n<meta name=\"twitter:label1\" content=\"Dur\u00e9e de lecture estim\u00e9e\" \/>\n\t<meta name=\"twitter:data1\" content=\"3 minutes\" \/>\n<script type=\"application\/ld+json\" class=\"yoast-schema-graph\">{\"@context\":\"https:\\\/\\\/schema.org\",\"@graph\":[{\"@type\":\"WebPage\",\"@id\":\"https:\\\/\\\/oilenium.com\\\/about-us\\\/\",\"url\":\"https:\\\/\\\/oilenium.com\\\/about-us\\\/\",\"name\":\"About Us - Oilenium\",\"isPartOf\":{\"@id\":\"https:\\\/\\\/oilenium.com\\\/#website\"},\"datePublished\":\"2017-01-19T09:19:59+00:00\",\"dateModified\":\"2025-10-24T11:56:16+00:00\",\"description\":\"Discover Oilenium, ethical skincare crafted with pure natural oils \u2014 where beauty meets sustainability and responsibility.\",\"breadcrumb\":{\"@id\":\"https:\\\/\\\/oilenium.com\\\/about-us\\\/#breadcrumb\"},\"inLanguage\":\"fr-FR\",\"potentialAction\":[{\"@type\":\"ReadAction\",\"target\":[\"https:\\\/\\\/oilenium.com\\\/about-us\\\/\"]}]},{\"@type\":\"BreadcrumbList\",\"@id\":\"https:\\\/\\\/oilenium.com\\\/about-us\\\/#breadcrumb\",\"itemListElement\":[{\"@type\":\"ListItem\",\"position\":1,\"name\":\"Home\",\"item\":\"https:\\\/\\\/oilenium.com\\\/\"},{\"@type\":\"ListItem\",\"position\":2,\"name\":\"About Us\"}]},{\"@type\":\"WebSite\",\"@id\":\"https:\\\/\\\/oilenium.com\\\/#website\",\"url\":\"https:\\\/\\\/oilenium.com\\\/\",\"name\":\"Oilenium\",\"description\":\"Argan oil Prickly Pear Seed Oil\",\"publisher\":{\"@id\":\"https:\\\/\\\/oilenium.com\\\/#organization\"},\"alternateName\":\"Oilenium Cosmetics\",\"potentialAction\":[{\"@type\":\"SearchAction\",\"target\":{\"@type\":\"EntryPoint\",\"urlTemplate\":\"https:\\\/\\\/oilenium.com\\\/?s={search_term_string}\"},\"query-input\":{\"@type\":\"PropertyValueSpecification\",\"valueRequired\":true,\"valueName\":\"search_term_string\"}}],\"inLanguage\":\"fr-FR\"},{\"@type\":\"Organization\",\"@id\":\"https:\\\/\\\/oilenium.com\\\/#organization\",\"name\":\"Oilenium\",\"alternateName\":\"Oilenium Organic\",\"url\":\"https:\\\/\\\/oilenium.com\\\/\",\"logo\":{\"@type\":\"ImageObject\",\"inLanguage\":\"fr-FR\",\"@id\":\"https:\\\/\\\/oilenium.com\\\/#\\\/schema\\\/logo\\\/image\\\/\",\"url\":\"https:\\\/\\\/oilenium.com\\\/wp-content\\\/uploads\\\/2024\\\/03\\\/A-1.png\",\"contentUrl\":\"https:\\\/\\\/oilenium.com\\\/wp-content\\\/uploads\\\/2024\\\/03\\\/A-1.png\",\"width\":500,\"height\":500,\"caption\":\"Oilenium\"},\"image\":{\"@id\":\"https:\\\/\\\/oilenium.com\\\/#\\\/schema\\\/logo\\\/image\\\/\"},\"sameAs\":[\"https:\\\/\\\/www.facebook.com\\\/profile.php?id=61554208961337\",\"https:\\\/\\\/www.instagram.com\\\/oileniumcosmetics\\\/\"]}]}<\/script>\n<!-- \/ Yoast SEO plugin. -->","yoast_head_json":{"title":"\u00c0 propos de nous - Oil\u00e9nium","description":"Discover Oilenium, ethical skincare crafted with pure natural oils \u2014 where beauty meets sustainability and responsibility.","robots":{"index":"index","follow":"follow","max-snippet":"max-snippet:-1","max-image-preview":"max-image-preview:large","max-video-preview":"max-video-preview:-1"},"canonical":"https:\/\/oilenium.com\/fr\/a-propos-de-nous\/","og_locale":"fr_FR","og_type":"article","og_title":"About Us - Oilenium","og_description":"Discover Oilenium, ethical skincare crafted with pure natural oils \u2014 where beauty meets sustainability and responsibility.","og_url":"https:\/\/oilenium.com\/fr\/a-propos-de-nous\/","og_site_name":"Oilenium","article_publisher":"https:\/\/www.facebook.com\/profile.php?id=61554208961337","article_modified_time":"2025-10-24T11:56:16+00:00","og_image":[{"width":2189,"height":2560,"url":"https:\/\/oilenium.com\/wp-content\/uploads\/2024\/01\/anti-tache-anti-vieillissement-huile-de-figue-de-barbarie-scaled.jpg","type":"image\/jpeg"}],"twitter_card":"summary_large_image","twitter_misc":{"Dur\u00e9e de lecture estim\u00e9e":"3 minutes"},"schema":{"@context":"https:\/\/schema.org","@graph":[{"@type":"WebPage","@id":"https:\/\/oilenium.com\/about-us\/","url":"https:\/\/oilenium.com\/about-us\/","name":"\u00c0 propos de nous - Oil\u00e9nium","isPartOf":{"@id":"https:\/\/oilenium.com\/#website"},"datePublished":"2017-01-19T09:19:59+00:00","dateModified":"2025-10-24T11:56:16+00:00","description":"Discover Oilenium, ethical skincare crafted with pure natural oils \u2014 where beauty meets sustainability and responsibility.","breadcrumb":{"@id":"https:\/\/oilenium.com\/about-us\/#breadcrumb"},"inLanguage":"fr-FR","potentialAction":[{"@type":"ReadAction","target":["https:\/\/oilenium.com\/about-us\/"]}]},{"@type":"BreadcrumbList","@id":"https:\/\/oilenium.com\/about-us\/#breadcrumb","itemListElement":[{"@type":"ListItem","position":1,"name":"Home","item":"https:\/\/oilenium.com\/"},{"@type":"ListItem","position":2,"name":"About Us"}]},{"@type":"WebSite","@id":"https:\/\/oilenium.com\/#website","url":"https:\/\/oilenium.com\/","name":"Oilenium","description":"Argan oil Prickly Pear Seed Oil","publisher":{"@id":"https:\/\/oilenium.com\/#organization"},"alternateName":"Oilenium Cosmetics","potentialAction":[{"@type":"SearchAction","target":{"@type":"EntryPoint","urlTemplate":"https:\/\/oilenium.com\/?s={search_term_string}"},"query-input":{"@type":"PropertyValueSpecification","valueRequired":true,"valueName":"search_term_string"}}],"inLanguage":"fr-FR"},{"@type":"Organization","@id":"https:\/\/oilenium.com\/#organization","name":"Oilenium","alternateName":"Oilenium Organic","url":"https:\/\/oilenium.com\/","logo":{"@type":"ImageObject","inLanguage":"fr-FR","@id":"https:\/\/oilenium.com\/#\/schema\/logo\/image\/","url":"https:\/\/oilenium.com\/wp-content\/uploads\/2024\/03\/A-1.png","contentUrl":"https:\/\/oilenium.com\/wp-content\/uploads\/2024\/03\/A-1.png","width":500,"height":500,"caption":"Oilenium"},"image":{"@id":"https:\/\/oilenium.com\/#\/schema\/logo\/image\/"},"sameAs":["https:\/\/www.facebook.com\/profile.php?id=61554208961337","https:\/\/www.instagram.com\/oileniumcosmetics\/"]}]}},"_links":{"self":[{"href":"https:\/\/oilenium.com\/fr\/wp-json\/wp\/v2\/pages\/529","targetHints":{"allow":["GET"]}}],"collection":[{"href":"https:\/\/oilenium.com\/fr\/wp-json\/wp\/v2\/pages"}],"about":[{"href":"https:\/\/oilenium.com\/fr\/wp-json\/wp\/v2\/types\/page"}],"author":[{"embeddable":true,"href":"https:\/\/oilenium.com\/fr\/wp-json\/wp\/v2\/users\/1"}],"replies":[{"embeddable":true,"href":"https:\/\/oilenium.com\/fr\/wp-json\/wp\/v2\/comments?post=529"}],"version-history":[{"count":35,"href":"https:\/\/oilenium.com\/fr\/wp-json\/wp\/v2\/pages\/529\/revisions"}],"predecessor-version":[{"id":2202,"href":"https:\/\/oilenium.com\/fr\/wp-json\/wp\/v2\/pages\/529\/revisions\/2202"}],"wp:attachment":[{"href":"https:\/\/oilenium.com\/fr\/wp-json\/wp\/v2\/media?parent=529"}],"curies":[{"name":"wp","href":"https:\/\/api.w.org\/{rel}","templated":true}]}}