{"id":1749,"date":"2024-01-25T12:42:39","date_gmt":"2024-01-25T12:42:39","guid":{"rendered":"https:\/\/oilenium.com\/?post_type=product&#038;p=1749"},"modified":"2026-04-18T11:09:12","modified_gmt":"2026-04-18T11:09:12","slug":"pure-prickly-pear-seed-oil-canada","status":"publish","type":"product","link":"https:\/\/oilenium.com\/fr\/product\/huile-de-graines-de-figue-de-barbarie-cosmetique-100-pure-naturelle-et-bio-15-ml\/","title":{"rendered":"Prickly Pear Seed Oil \u2013 Organic &#038; Cold-Pressed | Oilenium Canada"},"content":{"rendered":"<p><strong>Huile cosm\u00e9tique de graines de Figue de Barbarie 100 % Pure, Naturelle et Biologique 15 ml<\/strong><\/p>\n<p>\u2013 Une Excellente hydratation pour votre peau<\/p>\n<p>\u2013 Un effet Anti-\u00e2ge puissant<\/p>\n<p>\u2013 Une parfaite cicatrisation<\/p>\n<p>\u2013 Une r\u00e9g\u00e9n\u00e9ration de l\u2019\u00e9piderme<\/p>\n<p>\u2013 Un anticerne redoutable<\/p>\n<p>\u2013 Protection contre les radicaux libres<\/p>\n<p>Appliquer de pr\u00e9f\u00e9rence en soin de nuit. L'huile de graines de Figue de Barbarie agit efficacement sur toute la peau et peut \u00eatre appliqu\u00e9e sur tout le visage. Tr\u00e8s efficace contre les cernes, les rides et les cicatrices.<\/p>\n<p>La pipette facile \u00e0 transporter permet de ne pas gaspiller cette huile pr\u00e9cieuse et g\u00e9n\u00e9reuse et de l'appliquer sur toutes les zones concern\u00e9es. Un massage doux permet de stimuler \u00e9galement ces zones.<\/p>","protected":false},"excerpt":{"rendered":"<p><strong>Huile cosm\u00e9tique de graines de Figue de Barbarie 100 % Pure, Naturelle et Biologique 15 ml<\/strong><\/p>\n<p>\u2013 Une Excellente hydratation pour votre peau<\/p>\n<p>\u2013 Un effet Anti-\u00e2ge puissant<\/p>\n<p>\u2013 Une parfaite cicatrisation<\/p>\n<p>\u2013 Une r\u00e9g\u00e9n\u00e9ration de l\u2019\u00e9piderme<\/p>\n<p>\u2013 Un anticerne redoutable<\/p>\n<p>\u2013 Protection contre les radicaux libres<\/p>\n<p>Appliquer de pr\u00e9f\u00e9rence en soin de nuit. L'huile de graines de Figue de Barbarie agit efficacement sur toute la peau et peut \u00eatre appliqu\u00e9e sur tout le visage. Tr\u00e8s efficace contre les cernes, les rides et les cicatrices.<\/p>\n<p>La pipette facile \u00e0 transporter permet de ne pas gaspiller cette huile pr\u00e9cieuse et g\u00e9n\u00e9reuse et de l'appliquer sur toutes les zones concern\u00e9es. Un massage doux permet de stimuler \u00e9galement ces zones.<\/p>","protected":false},"featured_media":1754,"comment_status":"open","ping_status":"closed","template":"","meta":{"_acf_changed":false},"product_brand":[],"product_cat":[60],"product_tag":[],"class_list":{"0":"post-1749","1":"product","2":"type-product","3":"status-publish","4":"has-post-thumbnail","6":"product_cat-organic-prickly-pear-seed-oil","8":"first","9":"instock","10":"featured","11":"taxable","12":"shipping-taxable","13":"purchasable","14":"product-type-simple"},"acf":[],"yoast_head":"<!-- This site is optimized with the Yoast SEO plugin v27.3 - https:\/\/yoast.com\/product\/yoast-seo-wordpress\/ -->\n<title>Prickly Pear Seed Oil \u2013 Organic &amp; Cold-Pressed | Oilenium Canada - Oilenium<\/title>\n<meta name=\"description\" content=\"Shop Oilenium\u2019s pure Prickly Pear Seed Oil \u2013 organic and rich in Vitamin E. Reduces dark circles and hydrates for naturally radiant, smooth skin.\" \/>\n<meta name=\"robots\" content=\"index, follow, max-snippet:-1, max-image-preview:large, max-video-preview:-1\" \/>\n<link rel=\"canonical\" href=\"https:\/\/oilenium.com\/fr\/product\/huile-de-graines-de-figue-de-barbarie-cosmetique-100-pure-naturelle-et-bio-15-ml\/\" \/>\n<meta property=\"og:locale\" content=\"fr_FR\" \/>\n<meta property=\"og:type\" content=\"article\" \/>\n<meta property=\"og:title\" content=\"Prickly Pear Seed Oil \u2013 Organic &amp; Cold-Pressed | Oilenium Canada - Oilenium\" \/>\n<meta property=\"og:description\" content=\"Shop Oilenium\u2019s pure Prickly Pear Seed Oil \u2013 organic and rich in Vitamin E. Reduces dark circles and hydrates for naturally radiant, smooth skin.\" \/>\n<meta property=\"og:url\" content=\"https:\/\/oilenium.com\/fr\/product\/huile-de-graines-de-figue-de-barbarie-cosmetique-100-pure-naturelle-et-bio-15-ml\/\" \/>\n<meta property=\"og:site_name\" content=\"Oilenium\" \/>\n<meta property=\"article:publisher\" content=\"https:\/\/www.facebook.com\/profile.php?id=61554208961337\" \/>\n<meta property=\"article:modified_time\" content=\"2026-04-18T11:09:12+00:00\" \/>\n<meta property=\"og:image\" content=\"https:\/\/oilenium.com\/wp-content\/uploads\/2024\/01\/huile-de-graines-de-figue-de-barbarie-anti-cerne-puissant-1-scaled.jpg\" \/>\n\t<meta property=\"og:image:width\" content=\"2560\" \/>\n\t<meta property=\"og:image:height\" content=\"2248\" \/>\n\t<meta property=\"og:image:type\" content=\"image\/jpeg\" \/>\n<meta name=\"twitter:card\" content=\"summary_large_image\" \/>\n<meta name=\"twitter:label1\" content=\"Dur\u00e9e de lecture estim\u00e9e\" \/>\n\t<meta name=\"twitter:data1\" content=\"1 minute\" \/>\n<script type=\"application\/ld+json\" class=\"yoast-schema-graph\">{\"@context\":\"https:\\\/\\\/schema.org\",\"@graph\":[{\"@type\":\"WebPage\",\"@id\":\"https:\\\/\\\/oilenium.com\\\/product\\\/pure-prickly-pear-seed-oil-canada\\\/\",\"url\":\"https:\\\/\\\/oilenium.com\\\/product\\\/pure-prickly-pear-seed-oil-canada\\\/\",\"name\":\"Prickly Pear Seed Oil \u2013 Organic & Cold-Pressed | Oilenium Canada - Oilenium\",\"isPartOf\":{\"@id\":\"https:\\\/\\\/oilenium.com\\\/#website\"},\"primaryImageOfPage\":{\"@id\":\"https:\\\/\\\/oilenium.com\\\/product\\\/pure-prickly-pear-seed-oil-canada\\\/#primaryimage\"},\"image\":{\"@id\":\"https:\\\/\\\/oilenium.com\\\/product\\\/pure-prickly-pear-seed-oil-canada\\\/#primaryimage\"},\"thumbnailUrl\":\"https:\\\/\\\/oilenium.com\\\/wp-content\\\/uploads\\\/2024\\\/01\\\/huile-de-graines-de-figue-de-barbarie-anti-cerne-puissant-1-scaled.jpg\",\"datePublished\":\"2024-01-25T12:42:39+00:00\",\"dateModified\":\"2026-04-18T11:09:12+00:00\",\"description\":\"Shop Oilenium\u2019s pure Prickly Pear Seed Oil \u2013 organic and rich in Vitamin E. Reduces dark circles and hydrates for naturally radiant, smooth skin.\",\"breadcrumb\":{\"@id\":\"https:\\\/\\\/oilenium.com\\\/product\\\/pure-prickly-pear-seed-oil-canada\\\/#breadcrumb\"},\"inLanguage\":\"fr-FR\",\"potentialAction\":[{\"@type\":\"ReadAction\",\"target\":[\"https:\\\/\\\/oilenium.com\\\/product\\\/pure-prickly-pear-seed-oil-canada\\\/\"]}]},{\"@type\":\"ImageObject\",\"inLanguage\":\"fr-FR\",\"@id\":\"https:\\\/\\\/oilenium.com\\\/product\\\/pure-prickly-pear-seed-oil-canada\\\/#primaryimage\",\"url\":\"https:\\\/\\\/oilenium.com\\\/wp-content\\\/uploads\\\/2024\\\/01\\\/huile-de-graines-de-figue-de-barbarie-anti-cerne-puissant-1-scaled.jpg\",\"contentUrl\":\"https:\\\/\\\/oilenium.com\\\/wp-content\\\/uploads\\\/2024\\\/01\\\/huile-de-graines-de-figue-de-barbarie-anti-cerne-puissant-1-scaled.jpg\",\"width\":2560,\"height\":2248,\"caption\":\"Oilenium Argan and prickly pear seed oil canada\"},{\"@type\":\"BreadcrumbList\",\"@id\":\"https:\\\/\\\/oilenium.com\\\/product\\\/pure-prickly-pear-seed-oil-canada\\\/#breadcrumb\",\"itemListElement\":[{\"@type\":\"ListItem\",\"position\":1,\"name\":\"Home\",\"item\":\"https:\\\/\\\/oilenium.com\\\/\"},{\"@type\":\"ListItem\",\"position\":2,\"name\":\"OUR PRODUCTS\",\"item\":\"https:\\\/\\\/oilenium.com\\\/shop\\\/\"},{\"@type\":\"ListItem\",\"position\":3,\"name\":\"Prickly Pear Seed Oil \u2013 Organic &#038; Cold-Pressed | Oilenium Canada\"}]},{\"@type\":\"WebSite\",\"@id\":\"https:\\\/\\\/oilenium.com\\\/#website\",\"url\":\"https:\\\/\\\/oilenium.com\\\/\",\"name\":\"Oilenium\",\"description\":\"Argan oil Prickly Pear Seed Oil\",\"publisher\":{\"@id\":\"https:\\\/\\\/oilenium.com\\\/#organization\"},\"alternateName\":\"Oilenium Cosmetics\",\"potentialAction\":[{\"@type\":\"SearchAction\",\"target\":{\"@type\":\"EntryPoint\",\"urlTemplate\":\"https:\\\/\\\/oilenium.com\\\/?s={search_term_string}\"},\"query-input\":{\"@type\":\"PropertyValueSpecification\",\"valueRequired\":true,\"valueName\":\"search_term_string\"}}],\"inLanguage\":\"fr-FR\"},{\"@type\":\"Organization\",\"@id\":\"https:\\\/\\\/oilenium.com\\\/#organization\",\"name\":\"Oilenium\",\"alternateName\":\"Oilenium Organic\",\"url\":\"https:\\\/\\\/oilenium.com\\\/\",\"logo\":{\"@type\":\"ImageObject\",\"inLanguage\":\"fr-FR\",\"@id\":\"https:\\\/\\\/oilenium.com\\\/#\\\/schema\\\/logo\\\/image\\\/\",\"url\":\"https:\\\/\\\/oilenium.com\\\/wp-content\\\/uploads\\\/2024\\\/03\\\/A-1.png\",\"contentUrl\":\"https:\\\/\\\/oilenium.com\\\/wp-content\\\/uploads\\\/2024\\\/03\\\/A-1.png\",\"width\":500,\"height\":500,\"caption\":\"Oilenium\"},\"image\":{\"@id\":\"https:\\\/\\\/oilenium.com\\\/#\\\/schema\\\/logo\\\/image\\\/\"},\"sameAs\":[\"https:\\\/\\\/www.facebook.com\\\/profile.php?id=61554208961337\",\"https:\\\/\\\/www.instagram.com\\\/oileniumcosmetics\\\/\"]}]}<\/script>\n<!-- \/ Yoast SEO plugin. -->","yoast_head_json":{"title":"Prickly Pear Seed Oil \u2013 Organic & Cold-Pressed | Oilenium Canada - Oilenium","description":"Shop Oilenium\u2019s pure Prickly Pear Seed Oil \u2013 organic and rich in Vitamin E. Reduces dark circles and hydrates for naturally radiant, smooth skin.","robots":{"index":"index","follow":"follow","max-snippet":"max-snippet:-1","max-image-preview":"max-image-preview:large","max-video-preview":"max-video-preview:-1"},"canonical":"https:\/\/oilenium.com\/fr\/product\/huile-de-graines-de-figue-de-barbarie-cosmetique-100-pure-naturelle-et-bio-15-ml\/","og_locale":"fr_FR","og_type":"article","og_title":"Prickly Pear Seed Oil \u2013 Organic & Cold-Pressed | Oilenium Canada - Oilenium","og_description":"Shop Oilenium\u2019s pure Prickly Pear Seed Oil \u2013 organic and rich in Vitamin E. Reduces dark circles and hydrates for naturally radiant, smooth skin.","og_url":"https:\/\/oilenium.com\/fr\/product\/huile-de-graines-de-figue-de-barbarie-cosmetique-100-pure-naturelle-et-bio-15-ml\/","og_site_name":"Oilenium","article_publisher":"https:\/\/www.facebook.com\/profile.php?id=61554208961337","article_modified_time":"2026-04-18T11:09:12+00:00","og_image":[{"width":2560,"height":2248,"url":"https:\/\/oilenium.com\/wp-content\/uploads\/2024\/01\/huile-de-graines-de-figue-de-barbarie-anti-cerne-puissant-1-scaled.jpg","type":"image\/jpeg"}],"twitter_card":"summary_large_image","twitter_misc":{"Dur\u00e9e de lecture estim\u00e9e":"1 minute"},"schema":{"@context":"https:\/\/schema.org","@graph":[{"@type":"WebPage","@id":"https:\/\/oilenium.com\/product\/pure-prickly-pear-seed-oil-canada\/","url":"https:\/\/oilenium.com\/product\/pure-prickly-pear-seed-oil-canada\/","name":"Prickly Pear Seed Oil \u2013 Organic & Cold-Pressed | Oilenium Canada - Oilenium","isPartOf":{"@id":"https:\/\/oilenium.com\/#website"},"primaryImageOfPage":{"@id":"https:\/\/oilenium.com\/product\/pure-prickly-pear-seed-oil-canada\/#primaryimage"},"image":{"@id":"https:\/\/oilenium.com\/product\/pure-prickly-pear-seed-oil-canada\/#primaryimage"},"thumbnailUrl":"https:\/\/oilenium.com\/wp-content\/uploads\/2024\/01\/huile-de-graines-de-figue-de-barbarie-anti-cerne-puissant-1-scaled.jpg","datePublished":"2024-01-25T12:42:39+00:00","dateModified":"2026-04-18T11:09:12+00:00","description":"Shop Oilenium\u2019s pure Prickly Pear Seed Oil \u2013 organic and rich in Vitamin E. Reduces dark circles and hydrates for naturally radiant, smooth skin.","breadcrumb":{"@id":"https:\/\/oilenium.com\/product\/pure-prickly-pear-seed-oil-canada\/#breadcrumb"},"inLanguage":"fr-FR","potentialAction":[{"@type":"ReadAction","target":["https:\/\/oilenium.com\/product\/pure-prickly-pear-seed-oil-canada\/"]}]},{"@type":"ImageObject","inLanguage":"fr-FR","@id":"https:\/\/oilenium.com\/product\/pure-prickly-pear-seed-oil-canada\/#primaryimage","url":"https:\/\/oilenium.com\/wp-content\/uploads\/2024\/01\/huile-de-graines-de-figue-de-barbarie-anti-cerne-puissant-1-scaled.jpg","contentUrl":"https:\/\/oilenium.com\/wp-content\/uploads\/2024\/01\/huile-de-graines-de-figue-de-barbarie-anti-cerne-puissant-1-scaled.jpg","width":2560,"height":2248,"caption":"Oilenium Argan and prickly pear seed oil canada"},{"@type":"BreadcrumbList","@id":"https:\/\/oilenium.com\/product\/pure-prickly-pear-seed-oil-canada\/#breadcrumb","itemListElement":[{"@type":"ListItem","position":1,"name":"Home","item":"https:\/\/oilenium.com\/"},{"@type":"ListItem","position":2,"name":"OUR PRODUCTS","item":"https:\/\/oilenium.com\/shop\/"},{"@type":"ListItem","position":3,"name":"Prickly Pear Seed Oil \u2013 Organic &#038; Cold-Pressed | Oilenium Canada"}]},{"@type":"WebSite","@id":"https:\/\/oilenium.com\/#website","url":"https:\/\/oilenium.com\/","name":"Oilenium","description":"Argan oil Prickly Pear Seed Oil","publisher":{"@id":"https:\/\/oilenium.com\/#organization"},"alternateName":"Oilenium Cosmetics","potentialAction":[{"@type":"SearchAction","target":{"@type":"EntryPoint","urlTemplate":"https:\/\/oilenium.com\/?s={search_term_string}"},"query-input":{"@type":"PropertyValueSpecification","valueRequired":true,"valueName":"search_term_string"}}],"inLanguage":"fr-FR"},{"@type":"Organization","@id":"https:\/\/oilenium.com\/#organization","name":"Oilenium","alternateName":"Oilenium Organic","url":"https:\/\/oilenium.com\/","logo":{"@type":"ImageObject","inLanguage":"fr-FR","@id":"https:\/\/oilenium.com\/#\/schema\/logo\/image\/","url":"https:\/\/oilenium.com\/wp-content\/uploads\/2024\/03\/A-1.png","contentUrl":"https:\/\/oilenium.com\/wp-content\/uploads\/2024\/03\/A-1.png","width":500,"height":500,"caption":"Oilenium"},"image":{"@id":"https:\/\/oilenium.com\/#\/schema\/logo\/image\/"},"sameAs":["https:\/\/www.facebook.com\/profile.php?id=61554208961337","https:\/\/www.instagram.com\/oileniumcosmetics\/"]}]}},"_links":{"self":[{"href":"https:\/\/oilenium.com\/fr\/wp-json\/wp\/v2\/product\/1749","targetHints":{"allow":["GET"]}}],"collection":[{"href":"https:\/\/oilenium.com\/fr\/wp-json\/wp\/v2\/product"}],"about":[{"href":"https:\/\/oilenium.com\/fr\/wp-json\/wp\/v2\/types\/product"}],"replies":[{"embeddable":true,"href":"https:\/\/oilenium.com\/fr\/wp-json\/wp\/v2\/comments?post=1749"}],"wp:featuredmedia":[{"embeddable":true,"href":"https:\/\/oilenium.com\/fr\/wp-json\/wp\/v2\/media\/1754"}],"wp:attachment":[{"href":"https:\/\/oilenium.com\/fr\/wp-json\/wp\/v2\/media?parent=1749"}],"wp:term":[{"taxonomy":"product_brand","embeddable":true,"href":"https:\/\/oilenium.com\/fr\/wp-json\/wp\/v2\/product_brand?post=1749"},{"taxonomy":"product_cat","embeddable":true,"href":"https:\/\/oilenium.com\/fr\/wp-json\/wp\/v2\/product_cat?post=1749"},{"taxonomy":"product_tag","embeddable":true,"href":"https:\/\/oilenium.com\/fr\/wp-json\/wp\/v2\/product_tag?post=1749"}],"curies":[{"name":"wp","href":"https:\/\/api.w.org\/{rel}","templated":true}]}}