{"id":322,"date":"2016-11-30T17:56:42","date_gmt":"2016-11-30T17:56:42","guid":{"rendered":"http:\/\/eva:8888\/?post_type=product&#038;p=322"},"modified":"2026-01-23T13:45:39","modified_gmt":"2026-01-23T13:45:39","slug":"cosmetic-argan-oil","status":"publish","type":"product","link":"https:\/\/oilenium.com\/fr\/product\/huile-dargan-cosmetique-pure-et-naturelle\/","title":{"rendered":"Huile cosm\u00e9tique d\u2019Argan 100 % Pure, Naturelle et Biologique 50 ml"},"content":{"rendered":"<p><strong>Huile cosm\u00e9tique d\u2019Argan 100 % Pure, Naturelle et Biologique 50 ml<\/strong><\/p>\n<p>\u2013 Riche en vitamine E<\/p>\n<p>\u2013 Nourrissante<\/p>\n<p>\u2013 R\u00e9g\u00e9n\u00e9rante<\/p>\n<p>\u2013 Restructurante<\/p>\n<p>\u2013 Anti-vieillissement<\/p>\n<p>\u2013 Assure la souplesse, douceur et l\u2019\u00e9lasticit\u00e9 des peaux s\u00e8ches<\/p>\n<p>Appliquer en soin de nuit sur le visage et le corps pour hydrater, adoucir la peau et r\u00e9g\u00e9n\u00e9rer l\u2019\u00e9piderme sans obstruer les pores.<\/p>\n<p>Excellent rem\u00e8de pour les peaux gerc\u00e9es ; ecz\u00e9ma, vergetures ou peau s\u00e8che.<\/p>\n<p>L'huile d'argan nourrit \u00e9galement les cheveux et les prot\u00e8ge des \u00e9ventuelles agressions ext\u00e9rieures tout en les gardant denses, souples et brillants.<\/p>","protected":false},"excerpt":{"rendered":"<p><strong>Huile cosm\u00e9tique d\u2019Argan 100 % Pure, Naturelle et Biologique 50 ml<\/strong><\/p>\n<p>\u2013 Riche en vitamine E<\/p>\n<p>\u2013 Nourrissante<\/p>\n<p>\u2013 R\u00e9g\u00e9n\u00e9rante<\/p>\n<p>\u2013 Restructurante<\/p>\n<p>\u2013 Anti-vieillissement<\/p>\n<p>\u2013 Assure la souplesse, douceur et l\u2019\u00e9lasticit\u00e9 des peaux s\u00e8ches<\/p>\n<p>Appliquer en soin de nuit sur le visage et le corps pour hydrater, adoucir la peau et r\u00e9g\u00e9n\u00e9rer l\u2019\u00e9piderme sans obstruer les pores.<\/p>\n<p>Excellent rem\u00e8de pour les peaux gerc\u00e9es ; ecz\u00e9ma, vergetures ou peau s\u00e8che.<\/p>\n<p>L'huile d'argan nourrit \u00e9galement les cheveux et les prot\u00e8ge des \u00e9ventuelles agressions ext\u00e9rieures tout en les gardant denses, souples et brillants.<\/p>","protected":false},"featured_media":1709,"comment_status":"open","ping_status":"closed","template":"","meta":{"_acf_changed":false},"product_brand":[],"product_cat":[15],"product_tag":[],"class_list":{"0":"post-322","1":"product","2":"type-product","3":"status-publish","4":"has-post-thumbnail","6":"product_cat-argan-oil","8":"first","9":"instock","10":"featured","11":"taxable","12":"shipping-taxable","13":"purchasable","14":"product-type-simple"},"acf":[],"yoast_head":"<!-- This site is optimized with the Yoast SEO plugin v27.3 - https:\/\/yoast.com\/product\/yoast-seo-wordpress\/ -->\n<title>Cosmetic Argan Oil 100% pure, natural, and organic 50 ml - Oilenium<\/title>\n<meta name=\"description\" content=\"Cosmetic Argan Oil 100% pure, natural, and organic 50 ml. Rich in Sterol, Omega 3 and Vitamine 3. Reinforce hydratation and protection for a perfect skin.\" \/>\n<meta name=\"robots\" content=\"index, follow, max-snippet:-1, max-image-preview:large, max-video-preview:-1\" \/>\n<link rel=\"canonical\" href=\"https:\/\/oilenium.com\/fr\/product\/huile-dargan-cosmetique-pure-et-naturelle\/\" \/>\n<meta property=\"og:locale\" content=\"fr_FR\" \/>\n<meta property=\"og:type\" content=\"article\" \/>\n<meta property=\"og:title\" content=\"Cosmetic Argan Oil 100% pure, natural, and organic 50 ml - Oilenium\" \/>\n<meta property=\"og:description\" content=\"Cosmetic Argan Oil 100% pure, natural, and organic 50 ml. Rich in Sterol, Omega 3 and Vitamine 3. Reinforce hydratation and protection for a perfect skin.\" \/>\n<meta property=\"og:url\" content=\"https:\/\/oilenium.com\/fr\/product\/huile-dargan-cosmetique-pure-et-naturelle\/\" \/>\n<meta property=\"og:site_name\" content=\"Oilenium\" \/>\n<meta property=\"article:publisher\" content=\"https:\/\/www.facebook.com\/profile.php?id=61554208961337\" \/>\n<meta property=\"article:modified_time\" content=\"2026-01-23T13:45:39+00:00\" \/>\n<meta property=\"og:image\" content=\"https:\/\/oilenium.com\/wp-content\/uploads\/2016\/11\/huile-d-argan-marocaine-biologique-scaled.jpg\" \/>\n\t<meta property=\"og:image:width\" content=\"2560\" \/>\n\t<meta property=\"og:image:height\" content=\"2153\" \/>\n\t<meta property=\"og:image:type\" content=\"image\/jpeg\" \/>\n<meta name=\"twitter:card\" content=\"summary_large_image\" \/>\n<meta name=\"twitter:label1\" content=\"Dur\u00e9e de lecture estim\u00e9e\" \/>\n\t<meta name=\"twitter:data1\" content=\"1 minute\" \/>\n<script type=\"application\/ld+json\" class=\"yoast-schema-graph\">{\"@context\":\"https:\\\/\\\/schema.org\",\"@graph\":[{\"@type\":\"WebPage\",\"@id\":\"https:\\\/\\\/oilenium.com\\\/product\\\/cosmetic-argan-oil\\\/\",\"url\":\"https:\\\/\\\/oilenium.com\\\/product\\\/cosmetic-argan-oil\\\/\",\"name\":\"Cosmetic Argan Oil 100% pure, natural, and organic 50 ml - Oilenium\",\"isPartOf\":{\"@id\":\"https:\\\/\\\/oilenium.com\\\/#website\"},\"primaryImageOfPage\":{\"@id\":\"https:\\\/\\\/oilenium.com\\\/product\\\/cosmetic-argan-oil\\\/#primaryimage\"},\"image\":{\"@id\":\"https:\\\/\\\/oilenium.com\\\/product\\\/cosmetic-argan-oil\\\/#primaryimage\"},\"thumbnailUrl\":\"https:\\\/\\\/oilenium.com\\\/wp-content\\\/uploads\\\/2016\\\/11\\\/huile-d-argan-marocaine-biologique-scaled.jpg\",\"datePublished\":\"2016-11-30T17:56:42+00:00\",\"dateModified\":\"2026-01-23T13:45:39+00:00\",\"description\":\"Cosmetic Argan Oil 100% pure, natural, and organic 50 ml. Rich in Sterol, Omega 3 and Vitamine 3. Reinforce hydratation and protection for a perfect skin.\",\"breadcrumb\":{\"@id\":\"https:\\\/\\\/oilenium.com\\\/product\\\/cosmetic-argan-oil\\\/#breadcrumb\"},\"inLanguage\":\"fr-FR\",\"potentialAction\":[{\"@type\":\"ReadAction\",\"target\":[\"https:\\\/\\\/oilenium.com\\\/product\\\/cosmetic-argan-oil\\\/\"]}]},{\"@type\":\"ImageObject\",\"inLanguage\":\"fr-FR\",\"@id\":\"https:\\\/\\\/oilenium.com\\\/product\\\/cosmetic-argan-oil\\\/#primaryimage\",\"url\":\"https:\\\/\\\/oilenium.com\\\/wp-content\\\/uploads\\\/2016\\\/11\\\/huile-d-argan-marocaine-biologique-scaled.jpg\",\"contentUrl\":\"https:\\\/\\\/oilenium.com\\\/wp-content\\\/uploads\\\/2016\\\/11\\\/huile-d-argan-marocaine-biologique-scaled.jpg\",\"width\":2560,\"height\":2153,\"caption\":\"Oilenium Argan and prickly pear seed oil canada\"},{\"@type\":\"BreadcrumbList\",\"@id\":\"https:\\\/\\\/oilenium.com\\\/product\\\/cosmetic-argan-oil\\\/#breadcrumb\",\"itemListElement\":[{\"@type\":\"ListItem\",\"position\":1,\"name\":\"Home\",\"item\":\"https:\\\/\\\/oilenium.com\\\/\"},{\"@type\":\"ListItem\",\"position\":2,\"name\":\"OUR PRODUCTS\",\"item\":\"https:\\\/\\\/oilenium.com\\\/shop\\\/\"},{\"@type\":\"ListItem\",\"position\":3,\"name\":\"Cosmetic Argan Oil 100% pure, natural, and organic 50 ml\"}]},{\"@type\":\"WebSite\",\"@id\":\"https:\\\/\\\/oilenium.com\\\/#website\",\"url\":\"https:\\\/\\\/oilenium.com\\\/\",\"name\":\"Oilenium\",\"description\":\"Argan oil Prickly Pear Seed Oil\",\"publisher\":{\"@id\":\"https:\\\/\\\/oilenium.com\\\/#organization\"},\"alternateName\":\"Oilenium Cosmetics\",\"potentialAction\":[{\"@type\":\"SearchAction\",\"target\":{\"@type\":\"EntryPoint\",\"urlTemplate\":\"https:\\\/\\\/oilenium.com\\\/?s={search_term_string}\"},\"query-input\":{\"@type\":\"PropertyValueSpecification\",\"valueRequired\":true,\"valueName\":\"search_term_string\"}}],\"inLanguage\":\"fr-FR\"},{\"@type\":\"Organization\",\"@id\":\"https:\\\/\\\/oilenium.com\\\/#organization\",\"name\":\"Oilenium\",\"alternateName\":\"Oilenium Organic\",\"url\":\"https:\\\/\\\/oilenium.com\\\/\",\"logo\":{\"@type\":\"ImageObject\",\"inLanguage\":\"fr-FR\",\"@id\":\"https:\\\/\\\/oilenium.com\\\/#\\\/schema\\\/logo\\\/image\\\/\",\"url\":\"https:\\\/\\\/oilenium.com\\\/wp-content\\\/uploads\\\/2024\\\/03\\\/A-1.png\",\"contentUrl\":\"https:\\\/\\\/oilenium.com\\\/wp-content\\\/uploads\\\/2024\\\/03\\\/A-1.png\",\"width\":500,\"height\":500,\"caption\":\"Oilenium\"},\"image\":{\"@id\":\"https:\\\/\\\/oilenium.com\\\/#\\\/schema\\\/logo\\\/image\\\/\"},\"sameAs\":[\"https:\\\/\\\/www.facebook.com\\\/profile.php?id=61554208961337\",\"https:\\\/\\\/www.instagram.com\\\/oileniumcosmetics\\\/\"]}]}<\/script>\n<!-- \/ Yoast SEO plugin. -->","yoast_head_json":{"title":"Huile d&#039;Argan Cosm\u00e9tique 100% pure, naturelle et biologique 50 ml - Oilenium","description":"Huile d'Argan Cosm\u00e9tique 100% pure, naturelle et biologique 50 ml. Riche en St\u00e9rol, Om\u00e9ga 3 et Vitamine E. Renforce l'hydratation et la protection pour une peau jeune et parfaite.","robots":{"index":"index","follow":"follow","max-snippet":"max-snippet:-1","max-image-preview":"max-image-preview:large","max-video-preview":"max-video-preview:-1"},"canonical":"https:\/\/oilenium.com\/fr\/product\/huile-dargan-cosmetique-pure-et-naturelle\/","og_locale":"fr_FR","og_type":"article","og_title":"Cosmetic Argan Oil 100% pure, natural, and organic 50 ml - Oilenium","og_description":"Cosmetic Argan Oil 100% pure, natural, and organic 50 ml. Rich in Sterol, Omega 3 and Vitamine 3. Reinforce hydratation and protection for a perfect skin.","og_url":"https:\/\/oilenium.com\/fr\/product\/huile-dargan-cosmetique-pure-et-naturelle\/","og_site_name":"Oilenium","article_publisher":"https:\/\/www.facebook.com\/profile.php?id=61554208961337","article_modified_time":"2026-01-23T13:45:39+00:00","og_image":[{"width":2560,"height":2153,"url":"https:\/\/oilenium.com\/wp-content\/uploads\/2016\/11\/huile-d-argan-marocaine-biologique-scaled.jpg","type":"image\/jpeg"}],"twitter_card":"summary_large_image","twitter_misc":{"Dur\u00e9e de lecture estim\u00e9e":"1 minute"},"schema":{"@context":"https:\/\/schema.org","@graph":[{"@type":"WebPage","@id":"https:\/\/oilenium.com\/product\/cosmetic-argan-oil\/","url":"https:\/\/oilenium.com\/product\/cosmetic-argan-oil\/","name":"Huile d&#039;Argan Cosm\u00e9tique 100% pure, naturelle et biologique 50 ml - Oilenium","isPartOf":{"@id":"https:\/\/oilenium.com\/#website"},"primaryImageOfPage":{"@id":"https:\/\/oilenium.com\/product\/cosmetic-argan-oil\/#primaryimage"},"image":{"@id":"https:\/\/oilenium.com\/product\/cosmetic-argan-oil\/#primaryimage"},"thumbnailUrl":"https:\/\/oilenium.com\/wp-content\/uploads\/2016\/11\/huile-d-argan-marocaine-biologique-scaled.jpg","datePublished":"2016-11-30T17:56:42+00:00","dateModified":"2026-01-23T13:45:39+00:00","description":"Huile d'Argan Cosm\u00e9tique 100% pure, naturelle et biologique 50 ml. Riche en St\u00e9rol, Om\u00e9ga 3 et Vitamine E. Renforce l'hydratation et la protection pour une peau jeune et parfaite.","breadcrumb":{"@id":"https:\/\/oilenium.com\/product\/cosmetic-argan-oil\/#breadcrumb"},"inLanguage":"fr-FR","potentialAction":[{"@type":"ReadAction","target":["https:\/\/oilenium.com\/product\/cosmetic-argan-oil\/"]}]},{"@type":"ImageObject","inLanguage":"fr-FR","@id":"https:\/\/oilenium.com\/product\/cosmetic-argan-oil\/#primaryimage","url":"https:\/\/oilenium.com\/wp-content\/uploads\/2016\/11\/huile-d-argan-marocaine-biologique-scaled.jpg","contentUrl":"https:\/\/oilenium.com\/wp-content\/uploads\/2016\/11\/huile-d-argan-marocaine-biologique-scaled.jpg","width":2560,"height":2153,"caption":"Oilenium Argan and prickly pear seed oil canada"},{"@type":"BreadcrumbList","@id":"https:\/\/oilenium.com\/product\/cosmetic-argan-oil\/#breadcrumb","itemListElement":[{"@type":"ListItem","position":1,"name":"Home","item":"https:\/\/oilenium.com\/"},{"@type":"ListItem","position":2,"name":"OUR PRODUCTS","item":"https:\/\/oilenium.com\/shop\/"},{"@type":"ListItem","position":3,"name":"Cosmetic Argan Oil 100% pure, natural, and organic 50 ml"}]},{"@type":"WebSite","@id":"https:\/\/oilenium.com\/#website","url":"https:\/\/oilenium.com\/","name":"Oilenium","description":"Argan oil Prickly Pear Seed Oil","publisher":{"@id":"https:\/\/oilenium.com\/#organization"},"alternateName":"Oilenium Cosmetics","potentialAction":[{"@type":"SearchAction","target":{"@type":"EntryPoint","urlTemplate":"https:\/\/oilenium.com\/?s={search_term_string}"},"query-input":{"@type":"PropertyValueSpecification","valueRequired":true,"valueName":"search_term_string"}}],"inLanguage":"fr-FR"},{"@type":"Organization","@id":"https:\/\/oilenium.com\/#organization","name":"Oilenium","alternateName":"Oilenium Organic","url":"https:\/\/oilenium.com\/","logo":{"@type":"ImageObject","inLanguage":"fr-FR","@id":"https:\/\/oilenium.com\/#\/schema\/logo\/image\/","url":"https:\/\/oilenium.com\/wp-content\/uploads\/2024\/03\/A-1.png","contentUrl":"https:\/\/oilenium.com\/wp-content\/uploads\/2024\/03\/A-1.png","width":500,"height":500,"caption":"Oilenium"},"image":{"@id":"https:\/\/oilenium.com\/#\/schema\/logo\/image\/"},"sameAs":["https:\/\/www.facebook.com\/profile.php?id=61554208961337","https:\/\/www.instagram.com\/oileniumcosmetics\/"]}]}},"_links":{"self":[{"href":"https:\/\/oilenium.com\/fr\/wp-json\/wp\/v2\/product\/322","targetHints":{"allow":["GET"]}}],"collection":[{"href":"https:\/\/oilenium.com\/fr\/wp-json\/wp\/v2\/product"}],"about":[{"href":"https:\/\/oilenium.com\/fr\/wp-json\/wp\/v2\/types\/product"}],"replies":[{"embeddable":true,"href":"https:\/\/oilenium.com\/fr\/wp-json\/wp\/v2\/comments?post=322"}],"wp:featuredmedia":[{"embeddable":true,"href":"https:\/\/oilenium.com\/fr\/wp-json\/wp\/v2\/media\/1709"}],"wp:attachment":[{"href":"https:\/\/oilenium.com\/fr\/wp-json\/wp\/v2\/media?parent=322"}],"wp:term":[{"taxonomy":"product_brand","embeddable":true,"href":"https:\/\/oilenium.com\/fr\/wp-json\/wp\/v2\/product_brand?post=322"},{"taxonomy":"product_cat","embeddable":true,"href":"https:\/\/oilenium.com\/fr\/wp-json\/wp\/v2\/product_cat?post=322"},{"taxonomy":"product_tag","embeddable":true,"href":"https:\/\/oilenium.com\/fr\/wp-json\/wp\/v2\/product_tag?post=322"}],"curies":[{"name":"wp","href":"https:\/\/api.w.org\/{rel}","templated":true}]}}